{"id":70469,"date":"2022-04-23T12:33:09","date_gmt":"2022-04-23T15:33:09","guid":{"rendered":"http:\/\/ocioencordoba.com.ar\/?page_id=70469"},"modified":"2022-04-23T12:45:00","modified_gmt":"2022-04-23T15:45:00","slug":"terminos-y-condiciones","status":"publish","type":"page","link":"https:\/\/ocioencordoba.com.ar\/pt\/terminos-y-condiciones\/","title":{"rendered":"Termos e condi\u00e7\u00f5es"},"content":{"rendered":"<div data-elementor-type=\"wp-page\" data-elementor-id=\"70469\" class=\"elementor elementor-70469\" data-elementor-post-type=\"page\">\n\t\t\t\t\t\t<section class=\"elementor-section elementor-top-section elementor-element elementor-element-f1483a7 elementor-section-boxed elementor-section-height-default elementor-section-height-default\" data-id=\"f1483a7\" data-element_type=\"section\">\n\t\t\t\t\t\t<div class=\"elementor-container elementor-column-gap-default\">\n\t\t\t\t\t<div class=\"elementor-column elementor-col-100 elementor-top-column elementor-element elementor-element-fe4b228\" data-id=\"fe4b228\" data-element_type=\"column\" data-settings=\"{&quot;background_background&quot;:&quot;classic&quot;}\">\n\t\t\t<div class=\"elementor-widget-wrap elementor-element-populated\">\n\t\t\t\t\t\t<div class=\"elementor-element elementor-element-3911946 elementor-widget elementor-widget-heading\" data-id=\"3911946\" data-element_type=\"widget\" data-widget_type=\"heading.default\">\n\t\t\t\t<div class=\"elementor-widget-container\">\n\t\t\t\t\t<h2 class=\"elementor-heading-title elementor-size-default\">Termos e condi\u00e7\u00f5es<\/h2>\t\t\t\t<\/div>\n\t\t\t\t<\/div>\n\t\t\t\t<div class=\"elementor-element elementor-element-25f0716 elementor-widget elementor-widget-text-editor\" data-id=\"25f0716\" data-element_type=\"widget\" data-widget_type=\"text-editor.default\">\n\t\t\t\t<div class=\"elementor-widget-container\">\n\t\t\t\t\t\t\t\t\t<p>Los presentes t\u00e9rminos y condiciones se considerar\u00e1n de aplicaci\u00f3n para todo Usuario del Sitio Ocio en C\u00f3rdoba desde el primer momento en que acceden al mismo y registrarse obligatoriamente\u00a0 conformando el formulario de registro para obtener informaci\u00f3n sobre los servicios que comunica Ocio en C\u00f3rdoba\u00a0 (en adelante \u201cusuarios\u201d). En consecuencia, cualquier servicio ofrecido en el Sitio Ocio en C\u00f3rdoba, cuya p\u00e1gina principal est\u00e1 ubicada en www.ocioencordoba.com.ar (en adelante \u201cel Sitio\u201d o \u201cnuestros Sitios\u201d) se presta de conformidad con los presentes t\u00e9rminos y condiciones generales, as\u00ed como por los t\u00e9rminos particulares que puedan encontrarse en el Sitio. Ocio en C\u00f3rdoba, es un desarrollo del Grupo La Gu\u00eda del Ocio SAS. De avanzar el Usuario en la visita a nuestro Sitio, se entender\u00e1 que ha prestado su consentimiento a los presentes t\u00e9rminos y condiciones. Estos \u00faltimos podr\u00e1n ser modificados en todo o en parte por Ocio en C\u00f3rdoba exclusivamente, y dichas modificaciones tendr\u00e1n vigencia a partir del mismo momento en que sean publicadas en el Sitio. Las violaciones a los presentes t\u00e9rminos y condiciones otorgar\u00e1n derecho a Ocio en C\u00f3rdoba\u00a0 a suspender o terminar la prestaci\u00f3n del servicio al usuario que las haya incumplido, por acci\u00f3n u omisi\u00f3n. El servicio consiste en brindar informaci\u00f3n y servicios de inter\u00e9s que prestan terceros, a trav\u00e9s de nuestro Sitio (en adelante el \u201cServicio\u201d), que se brindar\u00e1 \u00fanicamente a aquellos Usuarios que presten su consentimiento a los presentes t\u00e9rminos y condiciones. La informaci\u00f3n contenida en el Sitio, o la de otros sitios web a los que se accede mediante v\u00ednculos, es compilada a trav\u00e9s de una variedad de fuentes, entre las cuales se incluyen los propios aportes de los Usuarios. Ocio en C\u00f3rdoba no ser\u00e1 responsable por los da\u00f1os y perjuicios que pudieran ocasionarse mediante el uso de la informaci\u00f3n provista por medio del Servicio. Debido a que en la actualidad los medios t\u00e9cnicos disponibles no permiten garantizar la absoluta confiabilidad de la informaci\u00f3n en el Sitio, por la acci\u00f3n de terceras personas publicantes en Internet, Ocio en C\u00f3rdoba\u00a0 de ninguna manera garantiza la exactitud y\/o veracidad de todo o parte de la informaci\u00f3n contenida en el Servicio, ni su actualizaci\u00f3n, ni que dicha informaci\u00f3n haya sido alterada o modificada, en todo o en parte, luego de haber sido incluida en el Servicio, ni cualquier otro aspecto o caracter\u00edstica de la informaci\u00f3n brindada por medio del Servicio o a trav\u00e9s de los enlaces eventualmente incluidos en el mismo. En todos los casos, aquel Usuario que se sintiere agraviado o sufriere un perjuicio debido a la informaci\u00f3n del Servicio, deber\u00e1 dirigir sus acciones o reclamos exclusivamente contra el anunciante que corresponda, renunciando expresamente a intentar cualquier tipo de acci\u00f3n contra Ocio en C\u00f3rdoba .En todos los casos en que, en virtud del Servicio, eventualmente se celebren contratos de compra de productos o de prestaci\u00f3n de servicios o cualquier otro tipo de contrato entre uno o m\u00e1s Usuarios (\u201cUsuario Cliente\u201d o \u201cUsuarios Clientes\u201d) y uno o m\u00e1s anunciantes de dichos productos o servicios, Ocio en C\u00f3rdoba no tendr\u00e1 responsabilidad alguna por los da\u00f1os que se produzcan al Usuario Cliente, a los anunciantes y\/o a terceros en virtud del cumplimiento o incumplimiento de las obligaciones respectivas de estos, contenidas en dichos contratos de compraventa o prestaci\u00f3n de servicios. Ocio en C\u00f3rdoba no interviene en forma alguna en las transacciones o en las operaciones de compraventa entre los Usuarios Clientes y los anunciantes de productos y servicios, por lo cual no puede tener control sobre calidad, seguridad, contenido o legalidad de los productos y servicios, as\u00ed como de la capacidad y autorizaci\u00f3n de los anunciantes para vender y de los Usuarios Clientes para comprar. Por lo mismo, en ning\u00fan caso Ocio en C\u00f3rdoba\u00a0 asumir\u00e1 responsabilidad alguna frente al Usuario Cliente por el cumplimiento de las obligaciones del anunciante, y en especial, pero sin limitaci\u00f3n, Ocio en C\u00f3rdoba no asume responsabilidad alguna por:<\/p><p>a) La calidad de los productos o servicios eventualmente ofrecidos por el anunciante o contratados por el Usuario Cliente.<\/p><p>b) Los da\u00f1os que se produzcan al Usuario Cliente, y\/o a sus bienes, por el cumplimiento o incumplimiento de las obligaciones del anunciante o cualquier otra causa imputable al anunciante, o por el riesgo o los vicios propios de la cosa transmitida.<\/p><p>c) La imprecisi\u00f3n o alteraci\u00f3n de los precios provistos por el anunciante al Usuario Cliente o al Servicio.<\/p><p>d) Cualquier incumplimiento por parte del anunciante de las obligaciones que le impone la normativa aplicable, en especial, pero sin limitaci\u00f3n, aquellas obligaciones que le impongan la normativa de Argentina, relativa a Lealtad Comercial.<\/p><p>e) La solvencia de los Usuarios Clientes ni de los anunciantes; Ocio en C\u00f3rdoba tampoco ser\u00e1 responsable respecto de la calidad, cantidad, estado, integridad o legitimidad de los bienes ofrecidos, adquiridos por los Usuarios Clientes o enajenados por los anunciantes, as\u00ed como de la capacidad para contratar de los Usuarios Clientes o anunciantes.<\/p><p>f) La calidad, t\u00edtulos perfectos, funcionamiento, ni ninguna otra garant\u00eda respecto de los bienes o servicios objeto de las transacciones entre los Usuarios Clientes, debiendo dirigirse cualquier reclamo a los respectivos constructores, anunciantes, fabricantes, prestadores o importadores de los mismos.<\/p><p>g) Ocio en C\u00f3rdoba\u00a0 no garantiza la veracidad de la publicidad de terceros que aparezca en la pantalla y no ser\u00e1 responsable por la correspondencia o los mensajes, electr\u00f3nicos o de cualquier otra \u00edndole y en cualquier otro soporte, que el Usuario Cliente celebre con terceros que publicaren sus productos o con cualquier anunciante.<\/p><p>h) La seguridad de los pagos que se realicen por medio de las redes p\u00fablicas de Telecomunicaciones, o cualquier otro medio telem\u00e1tico.<\/p><p>Las opiniones, votos y\/o rankings que figuran en esta Gu\u00eda son elaborados y\/o emitidos por los usuarios y no constituyen un juicio de valor por parte de Ocio en C\u00f3rdoba. Ocio en C\u00f3rdoba\u00a0 se reserva el derecho de publicar u omitir las opiniones vertidas por los usuarios en sus votos en forma discrecional. El usuario acepta que Ocio en C\u00f3rdoba podr\u00e1 optar por editar parcial o totalmente sus comentarios, con el fin de mejorar la comprensi\u00f3n de \u00e9ste por parte de los usuarios o para ajustarlos a las pol\u00edticas que rigen sobre los mismos. En caso de existir acciones legales o reclamos entre Usuarios Clientes y anunciantes, estos eximen a Ocio en C\u00f3rdoba y a sus empleados de toda responsabilidad y lo mantendr\u00e1n indemne de todo costo en el que \u00e9ste deba incurrir por causa o en relaci\u00f3n con su intervenci\u00f3n, en cualquier calidad que le sea solicitada, en cualquier proceso legal o administrativo en el que debiere participar en conexi\u00f3n con dicho reclamo o acci\u00f3n legal. En virtud de lo expuesto, tanto el Usuario Cliente como el anunciante renuncian expresamente a realizar cualquier tipo de reclamo o acci\u00f3n judicial contra Ocio en C\u00f3rdoba que tenga cualquier relaci\u00f3n con las relaciones contractuales o extracontractuales que entre ellos se generen en virtud del Servicio. El Servicio realiza esfuerzos para mantenerse libre de materiales ofensivos, inmorales, pornogr\u00e1ficos o ilegales, y lo mismo se pretende de aquellos portales vinculados al Servicio a trav\u00e9s de links o cualquier otro tipo de vinculaci\u00f3n telem\u00e1tica (los \u201cSitios Vinculados\u201d). Respecto de los Sitios Vinculados, el Usuario entiende que Internet contiene materiales de todo tipo, editados y no editados, algunos de los cuales pueden contener escenas de sexo expl\u00edcito o pueden ser ofensivos para con usted o su considerado a su exclusivo riesgo, por cuanto Ocio en C\u00f3rdoba, y\/o los anunciantes no tienen control sobre dichos contenidos, y por lo mismo, no se hacen responsables por dichos contenidos de los Sitios Vinculados ni los da\u00f1os que estos puedan generarle a el usuario y\/o a su grupo familiar.<\/p><p>Ocio en C\u00f3rdoba no deber\u00e1 proveer equipamiento o programa de software alguno. El usuario deber\u00e1 disponer, a su exclusiva cuenta y costo, con todo recurso, inform\u00e1tico o no, incluyendo pero sin limitarse a telecomunicaciones u otros equipos y servicios necesarios para acceder al Servicio. Los Derechos de Autor sobre cualquier informaci\u00f3n contenida en el Sitio pueden encontrarse debidamente registrados por Ocio en C\u00f3rdoba, y\/o los Anunciantes y\/o sus respectivos propietarios, seg\u00fan las leyes de Argentina, o las que resulten aplicables, respectivamente. Los respectivos propietarios mantendr\u00e1n en todo momento la propiedad intelectual de dicha informaci\u00f3n. Cualquier redistribuci\u00f3n, retransmisi\u00f3n o publicaci\u00f3n de cualquier material se encuentra estrictamente prohibida sin el previo consentimiento escrito del respectivo due\u00f1o o autor. En todos los casos en que se visualicen en pantalla los avisos relacionados a la propiedad de la informaci\u00f3n o material de descarga, el usuario no podr\u00e1 modificarlos o suprimirlos de ninguna manera. Ni el Estado, ni Ocio en C\u00f3rdoba\u00a0 ni otras autoridades revisan o controlan las comunicaciones y materiales localizados o ingresados al Servicio por parte de cualquier usuario del mismo o de los Anunciantes. Por lo mismo, Ocio en C\u00f3rdoba\u00a0 no se hace responsable por el contenido de estas comunicaciones y materiales. Sin embargo, y en todo caso, Ocio en C\u00f3rdoba se reserva el derecho de bloquear el acceso o remover en forma parcial o total de toda comunicaci\u00f3n o material que a su exclusivo juicio pueda ser (a) abusivo, difamatorio u obsceno, (b) fraudulento, artificioso o enga\u00f1oso, (c) violatorio de derechos de autor, marcas o cualquier derecho de propiedad intelectual de un tercero u (d) ofensivo, o violatorio de los presentes T\u00e9rminos y Condiciones o de cualquier otra manera considerado inconveniente para Ocio en C\u00f3rdoba. El Usuario presta conformidad a defender y mantener indemne al Sitio, y a cualquiera de sus dependientes, licenciantes, proveedores y licenciatarios (en conjunto denominados aqu\u00ed como \u201cProveedores del Servicio\u201d) de y contra toda p\u00e9rdida, gasto, da\u00f1o y costos, incluyendo los costos de abogados y cualquier otro honorario de profesionales que sea necesario, que se originen por cualquier violaci\u00f3n a las leyes y normas aplicables, y a los T\u00e9rminos y Condiciones cuando dicha violaci\u00f3n sea llevada a cabo, por acci\u00f3n u omisi\u00f3n, por un Usuario o por cualquier persona que acceda al Servicio utilizando su cuenta. La inactividad por parte de\u00a0 Ocio en C\u00f3rdoba\u00a0 en el estricto cumplimiento de cualquier cl\u00e1usula de estos T\u00e9rminos y Condiciones no podr\u00e1 interpretarse como renuncia a cualquier tipo de derechos o acciones de Ocio en C\u00f3rdoba. En el caso de que cualquier parte de los presentes T\u00e9rminos y Condiciones sea declarada inv\u00e1lida por cualquier autoridad, el resto de sus partes mantendr\u00e1n plena validez y vigencia. En todos los casos en que ello sea posible, Ocio en C\u00f3rdoba se reserva el derecho de integrar e interpretar las partes no declaradas inv\u00e1lidas por dicha autoridad. Toda relaci\u00f3n que se genere en virtud del acceso del visitante a nuestro Sitio, entre el visitante y Ocio en C\u00f3rdoba y\/o la relaci\u00f3n que se genere entre el Sitio y el Usuario registrado, ser\u00e1 regida y concertada en total sujeci\u00f3n a las leyes de Argentina, con exclusi\u00f3n de toda norma de su sistema de derecho internacional privado o que remita a la aplicaci\u00f3n de cualquier ley a cuya aplicaci\u00f3n podr\u00eda tener Por lo cual\u00a0 para la resoluci\u00f3n de cualquier conflicto legal de toda \u00edndole, las partes se someten a la decisi\u00f3n de los Tribunales Ordinarios de La Provincia de Buenos Aires, Argentina, con renuncia expresa a otro fuero o jurisdicci\u00f3n. derecho.<\/p><p>\u00a0<\/p><hr \/><h3>\u00a0<\/h3><h3>COOKIES:<\/h3><p>El Usuario del Sitio conoce y acepta que\u00a0 Ocio en C\u00f3rdoba podr\u00e1 utilizar un sistema de seguimiento mediante la utilizaci\u00f3n de cookies (las \u201cCookies\u201d). Las Cookies son peque\u00f1os archivos que se instalan en el disco r\u00edgido, con una duraci\u00f3n limitada en el tiempo que ayudan a personalizar los servicios. Tambi\u00e9n ofrecemos ciertas funcionalidades que s\u00f3lo est\u00e1n disponibles mediante el empleo de Cookies. Las Cookies se utilizan con el fin de conocer los intereses, el comportamiento y la demograf\u00eda de quienes visitan o son Usuarios de nuestro Sitio y de esa forma, comprender mejor sus necesidades e intereses y darles un mejor servicio o proveerle informaci\u00f3n relacionada. Tambi\u00e9n usaremos la informaci\u00f3n obtenida por intermedio de las Cookies para analizar las p\u00e1ginas navegadas por el Usuario, las b\u00fasquedas realizadas, mejorar nuestras iniciativas comerciales y promocionales, mostrar publicidad o promociones, banners de inter\u00e9s, noticias sobre Ocio en C\u00f3rdoba, perfeccionar nuestra oferta de contenidos y art\u00edculos, personalizar dichos contenidos, presentaci\u00f3n y servicios; tambi\u00e9n podremos utilizar Cookies para promover y hacer cumplir las reglas y seguridad del sitio. Ocio en C\u00f3rdoba podr\u00e1 agregar Cookies en los e-mails que env\u00ede para medir la efectividad de las promociones. Utilizamos adicionalmente las Cookies para que el Usuario no tenga que introducir su clave tan frecuentemente durante una sesi\u00f3n de navegaci\u00f3n, tambi\u00e9n para contabilizar y corroborar las registraciones, siempre teniendo como objetivo de la instalaci\u00f3n de las Cookies, el beneficio del Usuario que la recibe, y no ser\u00e1 usado con otros fines ajenos a\u00a0 Ocio en C\u00f3rdoba. Se aclara expresamente que estas pol\u00edticas cubre la utilizaci\u00f3n de Cookies por este sitio y no la utilizaci\u00f3n de Cookies por parte de anunciantes. Nosotros no controlamos el uso de Cookies por terceros.<\/p><p>Le\u00eddo y aceptado que fue el contenido vertido ut-supra, el usuario acepta registrase.<\/p>\t\t\t\t\t\t\t\t<\/div>\n\t\t\t\t<\/div>\n\t\t\t\t\t<\/div>\n\t\t<\/div>\n\t\t\t\t\t<\/div>\n\t\t<\/section>\n\t\t\t\t<\/div>","protected":false},"excerpt":{"rendered":"<p>T\u00e9rminos y condiciones Los presentes t\u00e9rminos y condiciones se considerar\u00e1n de aplicaci\u00f3n para todo Usuario del Sitio Ocio en C\u00f3rdoba desde el primer momento en que acceden al mismo y registrarse obligatoriamente\u00a0 conformando el formulario de registro para obtener informaci\u00f3n sobre los servicios que comunica Ocio en C\u00f3rdoba\u00a0 (en adelante \u201cusuarios\u201d). En consecuencia, cualquier servicio [&hellip;]<\/p>","protected":false},"author":2,"featured_media":0,"parent":0,"menu_order":0,"comment_status":"closed","ping_status":"closed","template":"elementor_header_footer","meta":{"_acf_changed":false,"footnotes":""},"class_list":["post-70469","page","type-page","status-publish","hentry"],"acf":[],"yoast_head":"<!-- This site is optimized with the Yoast SEO plugin v25.1 - https:\/\/yoast.com\/wordpress\/plugins\/seo\/ -->\n<title>T\u00e9rminos y condiciones - Ocio en C\u00f3rdoba<\/title>\n<meta name=\"robots\" content=\"index, follow, max-snippet:-1, max-image-preview:large, max-video-preview:-1\" \/>\n<link rel=\"canonical\" href=\"https:\/\/ocioencordoba.com.ar\/pt\/terminos-y-condiciones\/\" \/>\n<meta property=\"og:locale\" content=\"pt_BR\" \/>\n<meta property=\"og:type\" content=\"article\" \/>\n<meta property=\"og:title\" content=\"T\u00e9rminos y condiciones - Ocio en C\u00f3rdoba\" \/>\n<meta property=\"og:description\" content=\"T\u00e9rminos y condiciones Los presentes t\u00e9rminos y condiciones se considerar\u00e1n de aplicaci\u00f3n para todo Usuario del Sitio Ocio en C\u00f3rdoba desde el primer momento en que acceden al mismo y registrarse obligatoriamente\u00a0 conformando el formulario de registro para obtener informaci\u00f3n sobre los servicios que comunica Ocio en C\u00f3rdoba\u00a0 (en adelante \u201cusuarios\u201d). En consecuencia, cualquier servicio [&hellip;]\" \/>\n<meta property=\"og:url\" content=\"https:\/\/ocioencordoba.com.ar\/pt\/terminos-y-condiciones\/\" \/>\n<meta property=\"og:site_name\" content=\"Ocio en C\u00f3rdoba\" \/>\n<meta property=\"article:publisher\" content=\"https:\/\/es-la.facebook.com\/laguiadelocio\/\" \/>\n<meta property=\"article:modified_time\" content=\"2022-04-23T15:45:00+00:00\" \/>\n<meta name=\"twitter:card\" content=\"summary_large_image\" \/>\n<meta name=\"twitter:site\" content=\"@laguiadelocio\" \/>\n<meta name=\"twitter:label1\" content=\"Est. tempo de leitura\" \/>\n\t<meta name=\"twitter:data1\" content=\"10 minutos\" \/>\n<script type=\"application\/ld+json\" class=\"yoast-schema-graph\">{\"@context\":\"https:\/\/schema.org\",\"@graph\":[{\"@type\":\"WebPage\",\"@id\":\"https:\/\/ocioencordoba.com.ar\/terminos-y-condiciones\/\",\"url\":\"https:\/\/ocioencordoba.com.ar\/terminos-y-condiciones\/\",\"name\":\"T\u00e9rminos y condiciones - Ocio en C\u00f3rdoba\",\"isPartOf\":{\"@id\":\"https:\/\/ocioencordoba.com.ar\/#website\"},\"datePublished\":\"2022-04-23T15:33:09+00:00\",\"dateModified\":\"2022-04-23T15:45:00+00:00\",\"breadcrumb\":{\"@id\":\"https:\/\/ocioencordoba.com.ar\/terminos-y-condiciones\/#breadcrumb\"},\"inLanguage\":\"pt-BR\",\"potentialAction\":[{\"@type\":\"ReadAction\",\"target\":[\"https:\/\/ocioencordoba.com.ar\/terminos-y-condiciones\/\"]}]},{\"@type\":\"BreadcrumbList\",\"@id\":\"https:\/\/ocioencordoba.com.ar\/terminos-y-condiciones\/#breadcrumb\",\"itemListElement\":[{\"@type\":\"ListItem\",\"position\":1,\"name\":\"Portada\",\"item\":\"https:\/\/ocioencordoba.com.ar\/\"},{\"@type\":\"ListItem\",\"position\":2,\"name\":\"T\u00e9rminos y condiciones\"}]},{\"@type\":\"WebSite\",\"@id\":\"https:\/\/ocioencordoba.com.ar\/#website\",\"url\":\"https:\/\/ocioencordoba.com.ar\/\",\"name\":\"Ocio en C\u00f3rdoba\",\"description\":\"Cartelera de shows y espect\u00e1culos.\",\"publisher\":{\"@id\":\"https:\/\/ocioencordoba.com.ar\/#organization\"},\"potentialAction\":[{\"@type\":\"SearchAction\",\"target\":{\"@type\":\"EntryPoint\",\"urlTemplate\":\"https:\/\/ocioencordoba.com.ar\/?s={search_term_string}\"},\"query-input\":{\"@type\":\"PropertyValueSpecification\",\"valueRequired\":true,\"valueName\":\"search_term_string\"}}],\"inLanguage\":\"pt-BR\"},{\"@type\":\"Organization\",\"@id\":\"https:\/\/ocioencordoba.com.ar\/#organization\",\"name\":\"Ocio en C\u00f3rdoba\",\"url\":\"https:\/\/ocioencordoba.com.ar\/\",\"logo\":{\"@type\":\"ImageObject\",\"inLanguage\":\"pt-BR\",\"@id\":\"https:\/\/ocioencordoba.com.ar\/#\/schema\/logo\/image\/\",\"url\":\"https:\/\/ocioencordoba.com.ar\/wp-content\/uploads\/2019\/03\/cordobaocio-e1649639262275.png\",\"contentUrl\":\"https:\/\/ocioencordoba.com.ar\/wp-content\/uploads\/2019\/03\/cordobaocio-e1649639262275.png\",\"width\":512,\"height\":294,\"caption\":\"Ocio en C\u00f3rdoba\"},\"image\":{\"@id\":\"https:\/\/ocioencordoba.com.ar\/#\/schema\/logo\/image\/\"},\"sameAs\":[\"https:\/\/es-la.facebook.com\/laguiadelocio\/\",\"https:\/\/x.com\/laguiadelocio\",\"https:\/\/www.instagram.com\/ocioencordoba\/\"]}]}<\/script>\n<!-- \/ Yoast SEO plugin. -->","yoast_head_json":{"title":"T\u00e9rminos y condiciones - Ocio en C\u00f3rdoba","robots":{"index":"index","follow":"follow","max-snippet":"max-snippet:-1","max-image-preview":"max-image-preview:large","max-video-preview":"max-video-preview:-1"},"canonical":"https:\/\/ocioencordoba.com.ar\/pt\/terminos-y-condiciones\/","og_locale":"pt_BR","og_type":"article","og_title":"T\u00e9rminos y condiciones - Ocio en C\u00f3rdoba","og_description":"T\u00e9rminos y condiciones Los presentes t\u00e9rminos y condiciones se considerar\u00e1n de aplicaci\u00f3n para todo Usuario del Sitio Ocio en C\u00f3rdoba desde el primer momento en que acceden al mismo y registrarse obligatoriamente\u00a0 conformando el formulario de registro para obtener informaci\u00f3n sobre los servicios que comunica Ocio en C\u00f3rdoba\u00a0 (en adelante \u201cusuarios\u201d). En consecuencia, cualquier servicio [&hellip;]","og_url":"https:\/\/ocioencordoba.com.ar\/pt\/terminos-y-condiciones\/","og_site_name":"Ocio en C\u00f3rdoba","article_publisher":"https:\/\/es-la.facebook.com\/laguiadelocio\/","article_modified_time":"2022-04-23T15:45:00+00:00","twitter_card":"summary_large_image","twitter_site":"@laguiadelocio","twitter_misc":{"Est. tempo de leitura":"10 minutos"},"schema":{"@context":"https:\/\/schema.org","@graph":[{"@type":"WebPage","@id":"https:\/\/ocioencordoba.com.ar\/terminos-y-condiciones\/","url":"https:\/\/ocioencordoba.com.ar\/terminos-y-condiciones\/","name":"T\u00e9rminos y condiciones - Ocio en C\u00f3rdoba","isPartOf":{"@id":"https:\/\/ocioencordoba.com.ar\/#website"},"datePublished":"2022-04-23T15:33:09+00:00","dateModified":"2022-04-23T15:45:00+00:00","breadcrumb":{"@id":"https:\/\/ocioencordoba.com.ar\/terminos-y-condiciones\/#breadcrumb"},"inLanguage":"pt-BR","potentialAction":[{"@type":"ReadAction","target":["https:\/\/ocioencordoba.com.ar\/terminos-y-condiciones\/"]}]},{"@type":"BreadcrumbList","@id":"https:\/\/ocioencordoba.com.ar\/terminos-y-condiciones\/#breadcrumb","itemListElement":[{"@type":"ListItem","position":1,"name":"Portada","item":"https:\/\/ocioencordoba.com.ar\/"},{"@type":"ListItem","position":2,"name":"T\u00e9rminos y condiciones"}]},{"@type":"WebSite","@id":"https:\/\/ocioencordoba.com.ar\/#website","url":"https:\/\/ocioencordoba.com.ar\/","name":"Ocio en C\u00f3rdoba","description":"Cartelera de shows y espect\u00e1culos.","publisher":{"@id":"https:\/\/ocioencordoba.com.ar\/#organization"},"potentialAction":[{"@type":"SearchAction","target":{"@type":"EntryPoint","urlTemplate":"https:\/\/ocioencordoba.com.ar\/?s={search_term_string}"},"query-input":{"@type":"PropertyValueSpecification","valueRequired":true,"valueName":"search_term_string"}}],"inLanguage":"pt-BR"},{"@type":"Organization","@id":"https:\/\/ocioencordoba.com.ar\/#organization","name":"Ocio en C\u00f3rdoba","url":"https:\/\/ocioencordoba.com.ar\/","logo":{"@type":"ImageObject","inLanguage":"pt-BR","@id":"https:\/\/ocioencordoba.com.ar\/#\/schema\/logo\/image\/","url":"https:\/\/ocioencordoba.com.ar\/wp-content\/uploads\/2019\/03\/cordobaocio-e1649639262275.png","contentUrl":"https:\/\/ocioencordoba.com.ar\/wp-content\/uploads\/2019\/03\/cordobaocio-e1649639262275.png","width":512,"height":294,"caption":"Ocio en C\u00f3rdoba"},"image":{"@id":"https:\/\/ocioencordoba.com.ar\/#\/schema\/logo\/image\/"},"sameAs":["https:\/\/es-la.facebook.com\/laguiadelocio\/","https:\/\/x.com\/laguiadelocio","https:\/\/www.instagram.com\/ocioencordoba\/"]}]}},"publishpress_future_action":{"enabled":false,"date":"2026-04-25 06:22:02","action":"change-status","newStatus":"draft","terms":[],"taxonomy":""},"publishpress_future_workflow_manual_trigger":{"enabledWorkflows":[]},"_links":{"self":[{"href":"https:\/\/ocioencordoba.com.ar\/pt\/wp-json\/wp\/v2\/pages\/70469","targetHints":{"allow":["GET"]}}],"collection":[{"href":"https:\/\/ocioencordoba.com.ar\/pt\/wp-json\/wp\/v2\/pages"}],"about":[{"href":"https:\/\/ocioencordoba.com.ar\/pt\/wp-json\/wp\/v2\/types\/page"}],"author":[{"embeddable":true,"href":"https:\/\/ocioencordoba.com.ar\/pt\/wp-json\/wp\/v2\/users\/2"}],"replies":[{"embeddable":true,"href":"https:\/\/ocioencordoba.com.ar\/pt\/wp-json\/wp\/v2\/comments?post=70469"}],"version-history":[{"count":0,"href":"https:\/\/ocioencordoba.com.ar\/pt\/wp-json\/wp\/v2\/pages\/70469\/revisions"}],"wp:attachment":[{"href":"https:\/\/ocioencordoba.com.ar\/pt\/wp-json\/wp\/v2\/media?parent=70469"}],"curies":[{"name":"wp","href":"https:\/\/api.w.org\/{rel}","templated":true}]}}